{"id":93,"date":"2025-01-21T11:02:30","date_gmt":"2025-01-21T11:02:30","guid":{"rendered":"https:\/\/second-chance-menschenrechte.com\/?page_id=93"},"modified":"2025-09-19T18:02:56","modified_gmt":"2025-09-19T18:02:56","slug":"impressum","status":"publish","type":"page","link":"https:\/\/second-chance-menschenrechte.com\/en\/impressum\/","title":{"rendered":"Impressum"},"content":{"rendered":"<p>Eveline Schr&ouml;ter<br \/>\n83339 Chieming<\/p>\n\n<p>Vereinsname: Second-chance-Menschenrechte e.V.<br \/>\nAllgemeinn\u00fctziger eingetragener Verein<br \/>\nChieminger Str. 19<br \/>\n83339 Chieming<br \/>\nTel. Nr. 015679706612<\/p>\n<p>Vereinsregister: VR202709<br \/>\nRegistergericht: Amtsgericht Traunstein<\/p>\n\n<p><strong>Vertreten durch:<\/strong>\n<p>Eveline Schr&ouml;ter (1. Vorstand)<\/p>\n\n<p>Verantwortlich f\u00fcr die Webseite:<br \/>\nEveline Schr&ouml;ter<\/p>\n\n\n<h2>Contact<\/h2>\n<p>E-Mail: info@second-chance-menschenrechte.com<\/p>\n\n\n\n<p><strong>Haftungsausschlu\u00df\/Disclaimer:<\/strong>\n<p>Wir begr\u00fc\u00dfen jeden Interessierten auf unserer Webseite.<\/p>\n<p>Wir weisen darauf hin, dass sich diese Website und s\u00e4mtliche Informationen auf der Website nach deutschem Recht richten. Jeder Benutzer, welcher \u00fcber diesen Disclaimer hinweggeht, um auf unseren einzelnen Seiten Zugriff zu nehmen, erkennt mit dem Weiterbl\u00e4ttern der Seite an, dass sich die Beziehung zwischen ihm und uns ausschlie\u00dflich nach deutschem Recht richtet.<\/p>\n<p>F\u00fcr die Vollst\u00e4ndigkeit oder Richtigkeit der Informationen auf dieser Website k\u00f6nnen wir keine Garantie \u00fcbernehmen.<\/p>\n<p>Wir k\u00f6nnen nicht ausschlie\u00dfen, dass unsere Internetseiten auch Informationen durch Dritte aufweisen. F\u00fcr diese Informationen k\u00f6nnen wir keine Haftung \u00fcbernehmen. Dies gilt vor allem auch f\u00fcr Links zu anderen Websites, die wir zwar immer wieder daraufhin \u00fcberpr\u00fcfen, ob sie rechtswidrige Inhalte enthalten, aber keine Gew\u00e4hr daf\u00fcr leisten k\u00f6nnen. Die Inhalte dieser Seiten stellen nicht unsere Meinung dar, die Links werden nur zur Verbesserung der Informationsvielfalt ver\u00f6ffentlicht.<\/p>\n<p>Um die Internetseite aktuell halten zu k\u00f6nnen, werden wir selbstverst\u00e4ndlich die Texte gegebenenfalls \u00e4ndern und \/ oder erg\u00e4nzen. Eine Haftung aus dem Inhalt der Internetseiten ergibt sich nicht.<\/p>\n\n\n\n<h2>Verbraucher&shy;streit&shy;beilegung\/Universal&shy;schlichtungs&shy;stelle<\/h2>\n<p>Wir sind nicht bereit oder verpflichtet, an Streitbeilegungsverfahren vor einer Verbraucherschlichtungsstelle teilzunehmen.<\/p>\n\n<p>Quelle: <a href=\"https:\/\/www.e-recht24.de\">https:\/\/www.e-recht24.de<\/a><\/p>","protected":false},"excerpt":{"rendered":"<p>Eveline Schr&ouml;ter 83339 Chieming Vereinsname: Second-chance-Menschenrechte e.V. Allgemeinn\u00fctziger eingetragener Verein Chieminger Str. 19 83339 Chieming Tel. Nr. 015679706612 Vereinsregister: VR202709 Registergericht: Amtsgericht Traunstein Vertreten durch: Eveline Schr&ouml;ter (1. Vorstand) Verantwortlich f\u00fcr die Webseite: Eveline Schr&ouml;ter Kontakt E-Mail: info@second-chance-menschenrechte.com Haftungsausschlu\u00df\/Disclaimer: Wir begr\u00fc\u00dfen jeden Interessierten auf unserer Webseite. Wir weisen darauf hin, dass sich diese Website und [&hellip;]<\/p>\n","protected":false},"author":2,"featured_media":0,"parent":0,"menu_order":0,"comment_status":"closed","ping_status":"closed","template":"","meta":{"footnotes":""},"class_list":["post-93","page","type-page","status-publish","hentry"],"_links":{"self":[{"href":"https:\/\/second-chance-menschenrechte.com\/en\/wp-json\/wp\/v2\/pages\/93","targetHints":{"allow":["GET"]}}],"collection":[{"href":"https:\/\/second-chance-menschenrechte.com\/en\/wp-json\/wp\/v2\/pages"}],"about":[{"href":"https:\/\/second-chance-menschenrechte.com\/en\/wp-json\/wp\/v2\/types\/page"}],"author":[{"embeddable":true,"href":"https:\/\/second-chance-menschenrechte.com\/en\/wp-json\/wp\/v2\/users\/2"}],"replies":[{"embeddable":true,"href":"https:\/\/second-chance-menschenrechte.com\/en\/wp-json\/wp\/v2\/comments?post=93"}],"version-history":[{"count":22,"href":"https:\/\/second-chance-menschenrechte.com\/en\/wp-json\/wp\/v2\/pages\/93\/revisions"}],"predecessor-version":[{"id":407,"href":"https:\/\/second-chance-menschenrechte.com\/en\/wp-json\/wp\/v2\/pages\/93\/revisions\/407"}],"wp:attachment":[{"href":"https:\/\/second-chance-menschenrechte.com\/en\/wp-json\/wp\/v2\/media?parent=93"}],"curies":[{"name":"wp","href":"https:\/\/api.w.org\/{rel}","templated":true}]}}