{"id":2,"date":"2025-01-15T10:35:25","date_gmt":"2025-01-15T10:35:25","guid":{"rendered":"http:\/\/second-chance-menschenrechte.com\/?page_id=2"},"modified":"2025-01-23T12:25:28","modified_gmt":"2025-01-23T12:25:28","slug":"sample-page","status":"publish","type":"page","link":"https:\/\/second-chance-menschenrechte.com\/en\/","title":{"rendered":"Startpage"},"content":{"rendered":"<p class=\"has-small-font-size\"><strong>OHCHR | Universal Declaration of Human Rights \u2013 German (Deutsch)<\/strong><\/p>\n\n\n<div class=\"wp-block-post-excerpt has-medium-font-size\"><p class=\"wp-block-post-excerpt__excerpt\">United Nations Human rights office of the high comissionar\u00a0 Die Allgemeine Erkl\u00e4rung der Menschenrechte Resolution 217 A (III) vom 10.12.1948 Pr\u00e4ambel Da die Anerkennung der angeborenen W\u00fcrde und der gleichen und unver\u00e4u\u00dferlichen Rechte aller Mitglieder der Gemeinschaft der Menschen die Grundlage von Freiheit, Gerechtigkeit und Frieden in der Welt bildet, da die Nichtanerkennung und Verachtung&hellip; <\/p><\/div>\n\n\n<div class=\"wp-block-buttons is-layout-flex wp-block-buttons-is-layout-flex\">\n<div class=\"wp-block-button has-custom-width wp-block-button__width-25\"><a class=\"wp-block-button__link wp-element-button\" href=\"https:\/\/second-chance-menschenrechte.com\/en\/menschenrechte\/\">Weiterlesen<\/a><\/div>\n<\/div>\n\n\n\n<p id=\"block-7e54db89-f6cc-4bdb-a987-8dd1f19f4162\"><\/p>\n\n\n\n<p><\/p>","protected":false},"excerpt":{"rendered":"<p><strong>United Nations Human rights office of the high comissionar<\/strong>\u00a0 <br \/>Die Allgemeine Erkl\u00e4rung der Menschenrechte Resolution 217 A (III) vom 10.12.1948 Pr\u00e4ambel Da die Anerkennung der angeborenen W\u00fcrde und der gleichen und unver\u00e4u\u00dferlichen Rechte aller Mitglieder der Gemeinschaft der Menschen die Grundlage von Freiheit, Gerechtigkeit und Frieden in der Welt bildet, da die Nichtanerkennung und Verachtung der Menschenrechte zu Akten der Barbarei gef\u00fchrt haben, die das Gewissen der Menschheit mit Emp\u00f6rung erf\u00fcllen, und da verk\u00fcndet worden ist, dass einer Welt, in der die Menschen Rede- und Glaubensfreiheit und Freiheit von Furcht und Not genie\u00dfen, das h\u00f6chste Streben des Menschen gilt, da [\u2026]<\/p>\n","protected":false},"author":1,"featured_media":0,"parent":0,"menu_order":0,"comment_status":"closed","ping_status":"open","template":"","meta":{"footnotes":""},"class_list":["post-2","page","type-page","status-publish","hentry"],"_links":{"self":[{"href":"https:\/\/second-chance-menschenrechte.com\/en\/wp-json\/wp\/v2\/pages\/2","targetHints":{"allow":["GET"]}}],"collection":[{"href":"https:\/\/second-chance-menschenrechte.com\/en\/wp-json\/wp\/v2\/pages"}],"about":[{"href":"https:\/\/second-chance-menschenrechte.com\/en\/wp-json\/wp\/v2\/types\/page"}],"author":[{"embeddable":true,"href":"https:\/\/second-chance-menschenrechte.com\/en\/wp-json\/wp\/v2\/users\/1"}],"replies":[{"embeddable":true,"href":"https:\/\/second-chance-menschenrechte.com\/en\/wp-json\/wp\/v2\/comments?post=2"}],"version-history":[{"count":18,"href":"https:\/\/second-chance-menschenrechte.com\/en\/wp-json\/wp\/v2\/pages\/2\/revisions"}],"predecessor-version":[{"id":163,"href":"https:\/\/second-chance-menschenrechte.com\/en\/wp-json\/wp\/v2\/pages\/2\/revisions\/163"}],"wp:attachment":[{"href":"https:\/\/second-chance-menschenrechte.com\/en\/wp-json\/wp\/v2\/media?parent=2"}],"curies":[{"name":"wp","href":"https:\/\/api.w.org\/{rel}","templated":true}]}}